{"id":40,"date":"2025-02-23T15:35:09","date_gmt":"2025-02-23T15:35:09","guid":{"rendered":"https:\/\/www.leimbacher-konzerte.ch\/?page_id=40"},"modified":"2025-03-03T14:30:10","modified_gmt":"2025-03-03T14:30:10","slug":"mitgliedschaft","status":"publish","type":"page","link":"https:\/\/www.leimbacher-konzerte.ch\/index.php\/mitgliedschaft\/","title":{"rendered":"G\u00f6nnerschaft"},"content":{"rendered":"\n<p class=\"wp-block-paragraph\">Ihre G\u00f6nnerschaft tr\u00e4gt aktiv zur F\u00f6rderung der Kultur im Quartier bei. Wir sind als kulturell ausgerichteter Verein auf Ihre Unterst\u00fctzung angewiesen . Werden Sie jetzt G\u00f6nnerin oder G\u00f6nner f\u00fcr mehr Musik und unvergessliche Konzerterlebnisse.<\/p>\n\n\n\n<div class=\"wp-block-uagb-image alignright uagb-block-a011637e wp-block-uagb-image--layout-default wp-block-uagb-image--effect-static wp-block-uagb-image--align-right\"><figure class=\"wp-block-uagb-image__figure\"><img decoding=\"async\" srcset=\"https:\/\/www.leimbacher-konzerte.ch\/wp-content\/uploads\/2025\/03\/kirche-oben-3-1024x629.jpg ,https:\/\/www.leimbacher-konzerte.ch\/wp-content\/uploads\/2025\/03\/kirche-oben-3-scaled.jpg 780w, https:\/\/www.leimbacher-konzerte.ch\/wp-content\/uploads\/2025\/03\/kirche-oben-3-scaled.jpg 360w\" sizes=\"auto, (max-width: 480px) 150px\" src=\"https:\/\/www.leimbacher-konzerte.ch\/wp-content\/uploads\/2025\/03\/kirche-oben-3-1024x629.jpg\" alt=\"\" class=\"uag-image-114\" width=\"483\" height=\"296\" title=\"kirche oben\" loading=\"lazy\" role=\"img\"\/><\/figure><\/div>\n\n\n\n<p class=\"wp-block-paragraph\">Seit beinahe 53 Jahren gibt es Leimbacher Konzerte, die sich stets auf die Treue eines aufgeschlossenen Publikums verlassen konnte und von ihr getragen wurde. Gerne w\u00fcrde sie auch weiterhin von G\u00f6nnerinnen und G\u00f6nnern finanziell unterst\u00fctzt f\u00fchlen, um weiterhin qualitativ hochstehende Konzerte anbieten zu k\u00f6nnen. In diesem Sinne w\u00fcrden wir uns \u00fcber Ihr Interesse an einer Unterst\u00fctzung in Form einer G\u00f6nnerschaft freuen.<\/p>\n\n\n\n<p class=\"wp-block-paragraph\">IBAN bei der Raiffeisen Z\u00fcrich: CH87 8080 8006 5023 3853 9&nbsp;<\/p>\n\n\n\n<p class=\"wp-block-paragraph\">Bitte kontaktieren Sie uns.<\/p>\n\n\n\n<div class=\"wp-block-contact-form-7-contact-form-selector\">\n<div class=\"wpcf7 no-js\" id=\"wpcf7-f39-o1\" lang=\"de-DE\" dir=\"ltr\" data-wpcf7-id=\"39\">\n<div class=\"screen-reader-response\"><p role=\"status\" aria-live=\"polite\" aria-atomic=\"true\"><\/p> <ul><\/ul><\/div>\n<form action=\"\/index.php\/wp-json\/wp\/v2\/pages\/40#wpcf7-f39-o1\" method=\"post\" class=\"wpcf7-form init\" aria-label=\"Kontaktformular\" novalidate=\"novalidate\" data-status=\"init\">\n<fieldset class=\"hidden-fields-container\"><input type=\"hidden\" name=\"_wpcf7\" value=\"39\" \/><input type=\"hidden\" name=\"_wpcf7_version\" value=\"6.1.5\" \/><input type=\"hidden\" name=\"_wpcf7_locale\" value=\"de_DE\" \/><input type=\"hidden\" name=\"_wpcf7_unit_tag\" value=\"wpcf7-f39-o1\" \/><input type=\"hidden\" name=\"_wpcf7_container_post\" value=\"0\" \/><input type=\"hidden\" name=\"_wpcf7_posted_data_hash\" value=\"\" \/>\n<\/fieldset>\n<p><label> Dein Name<br \/>\n<span class=\"wpcf7-form-control-wrap\" data-name=\"your-name\"><input size=\"40\" maxlength=\"400\" class=\"wpcf7-form-control wpcf7-text wpcf7-validates-as-required\" autocomplete=\"name\" aria-required=\"true\" aria-invalid=\"false\" value=\"\" type=\"text\" name=\"your-name\" \/><\/span> <\/label>\n<\/p>\n<p><label> Deine E-Mail-Adresse<br \/>\n<span class=\"wpcf7-form-control-wrap\" data-name=\"your-email\"><input size=\"40\" maxlength=\"400\" class=\"wpcf7-form-control wpcf7-email wpcf7-validates-as-required wpcf7-text wpcf7-validates-as-email\" autocomplete=\"email\" aria-required=\"true\" aria-invalid=\"false\" value=\"\" type=\"email\" name=\"your-email\" \/><\/span> <\/label>\n<\/p>\n<p><label> Betreff<br \/>\n<span class=\"wpcf7-form-control-wrap\" data-name=\"your-subject\"><input size=\"40\" maxlength=\"400\" class=\"wpcf7-form-control wpcf7-text wpcf7-validates-as-required\" aria-required=\"true\" aria-invalid=\"false\" value=\"\" type=\"text\" name=\"your-subject\" \/><\/span> <\/label>\n<\/p>\n<p><label> Deine Nachricht (optional)<br \/>\n<span class=\"wpcf7-form-control-wrap\" data-name=\"your-message\"><textarea cols=\"40\" rows=\"10\" maxlength=\"2000\" class=\"wpcf7-form-control wpcf7-textarea\" aria-invalid=\"false\" name=\"your-message\"><\/textarea><\/span> <\/label>\n<\/p>\n<p><input class=\"wpcf7-form-control wpcf7-submit has-spinner\" type=\"submit\" value=\"Senden\" \/>\n<\/p><div class=\"wpcf7-response-output\" aria-hidden=\"true\"><\/div>\n<\/form>\n<\/div>\n<\/div>\n\n\n\n<p class=\"wp-block-paragraph\">&nbsp;<\/p>\n","protected":false},"excerpt":{"rendered":"<p>Ihre G\u00f6nnerschaft tr\u00e4gt aktiv zur F\u00f6rderung der Kultur im Quartier bei. Wir sind als kulturell ausgerichteter Verein auf Ihre Unterst\u00fctzung<\/p>\n<p><a href=\"https:\/\/www.leimbacher-konzerte.ch\/index.php\/mitgliedschaft\/\" class=\"more-link\">Continue reading<span class=\"screen-reader-text\">G\u00f6nnerschaft<\/span><\/a><\/p>\n","protected":false},"author":1,"featured_media":0,"parent":0,"menu_order":0,"comment_status":"closed","ping_status":"closed","template":"","meta":{"_crdt_document":"","footnotes":""},"class_list":["post-40","page","type-page","status-publish","hentry"],"_links":{"self":[{"href":"https:\/\/www.leimbacher-konzerte.ch\/index.php\/wp-json\/wp\/v2\/pages\/40","targetHints":{"allow":["GET"]}}],"collection":[{"href":"https:\/\/www.leimbacher-konzerte.ch\/index.php\/wp-json\/wp\/v2\/pages"}],"about":[{"href":"https:\/\/www.leimbacher-konzerte.ch\/index.php\/wp-json\/wp\/v2\/types\/page"}],"author":[{"embeddable":true,"href":"https:\/\/www.leimbacher-konzerte.ch\/index.php\/wp-json\/wp\/v2\/users\/1"}],"replies":[{"embeddable":true,"href":"https:\/\/www.leimbacher-konzerte.ch\/index.php\/wp-json\/wp\/v2\/comments?post=40"}],"version-history":[{"count":9,"href":"https:\/\/www.leimbacher-konzerte.ch\/index.php\/wp-json\/wp\/v2\/pages\/40\/revisions"}],"predecessor-version":[{"id":115,"href":"https:\/\/www.leimbacher-konzerte.ch\/index.php\/wp-json\/wp\/v2\/pages\/40\/revisions\/115"}],"wp:attachment":[{"href":"https:\/\/www.leimbacher-konzerte.ch\/index.php\/wp-json\/wp\/v2\/media?parent=40"}],"curies":[{"name":"wp","href":"https:\/\/api.w.org\/{rel}","templated":true}]}}